{"id":15230,"date":"2021-12-09T17:25:15","date_gmt":"2021-12-09T16:25:15","guid":{"rendered":"http:\/\/www.algrappolodoro.net\/hall\/"},"modified":"2021-12-09T17:25:17","modified_gmt":"2021-12-09T16:25:17","slug":"hall","status":"publish","type":"page","link":"https:\/\/www.algrappolodoro.net\/de\/hall\/","title":{"rendered":"Hall"},"content":{"rendered":"\t\t<div data-elementor-type=\"wp-page\" data-elementor-id=\"15230\" class=\"elementor elementor-15230 elementor-14030\" data-elementor-post-type=\"page\">\n\t\t\t\t\t\t<section class=\"elementor-section elementor-top-section elementor-element elementor-element-3934d0f elementor-section-full_width elementor-section-height-default elementor-section-height-default\" data-id=\"3934d0f\" data-element_type=\"section\">\n\t\t\t\t\t\t<div class=\"elementor-container elementor-column-gap-no\">\n\t\t\t\t\t<div class=\"elementor-column elementor-col-100 elementor-top-column elementor-element elementor-element-b2fb835\" data-id=\"b2fb835\" data-element_type=\"column\">\n\t\t\t<div class=\"elementor-widget-wrap elementor-element-populated\">\n\t\t\t\t\t\t<div class=\"elementor-element elementor-element-518ecfb elementor-widget elementor-widget-image\" data-id=\"518ecfb\" data-element_type=\"widget\" data-widget_type=\"image.default\">\n\t\t\t\t<div class=\"elementor-widget-container\">\n\t\t\t\t\t\t\t\t\t\t\t\t\t\t\t<img fetchpriority=\"high\" decoding=\"async\" width=\"1920\" height=\"823\" src=\"https:\/\/www.algrappolodoro.net\/wp-content\/uploads\/2021\/12\/grappolo_d_oro_140.jpg\" class=\"attachment-full size-full wp-image-14692\" alt=\"\" srcset=\"https:\/\/www.algrappolodoro.net\/wp-content\/uploads\/2021\/12\/grappolo_d_oro_140.jpg 1920w, https:\/\/www.algrappolodoro.net\/wp-content\/uploads\/2021\/12\/grappolo_d_oro_140-300x129.jpg 300w, https:\/\/www.algrappolodoro.net\/wp-content\/uploads\/2021\/12\/grappolo_d_oro_140-1024x439.jpg 1024w, https:\/\/www.algrappolodoro.net\/wp-content\/uploads\/2021\/12\/grappolo_d_oro_140-768x329.jpg 768w, https:\/\/www.algrappolodoro.net\/wp-content\/uploads\/2021\/12\/grappolo_d_oro_140-1536x658.jpg 1536w\" sizes=\"(max-width: 1920px) 100vw, 1920px\" \/>\t\t\t\t\t\t\t\t\t\t\t\t\t\t\t<\/div>\n\t\t\t\t<\/div>\n\t\t\t\t\t<\/div>\n\t\t<\/div>\n\t\t\t\t\t<\/div>\n\t\t<\/section>\n\t\t\t\t<section class=\"elementor-section elementor-top-section elementor-element elementor-element-f69059a elementor-section-boxed elementor-section-height-default elementor-section-height-default\" data-id=\"f69059a\" data-element_type=\"section\">\n\t\t\t\t\t\t<div class=\"elementor-container elementor-column-gap-default\">\n\t\t\t\t\t<div class=\"elementor-column elementor-col-100 elementor-top-column elementor-element elementor-element-fb2f4dd\" data-id=\"fb2f4dd\" data-element_type=\"column\">\n\t\t\t<div class=\"elementor-widget-wrap elementor-element-populated\">\n\t\t\t\t\t\t<div class=\"elementor-element elementor-element-abe74f4 galleryCustom elementor-arrows-position-inside elementor-pagination-position-outside elementor-widget elementor-widget-image-carousel\" data-id=\"abe74f4\" data-element_type=\"widget\" data-settings=\"{&quot;slides_to_show&quot;:&quot;3&quot;,&quot;slides_to_scroll&quot;:&quot;1&quot;,&quot;autoplay&quot;:&quot;no&quot;,&quot;infinite&quot;:&quot;no&quot;,&quot;image_spacing_custom&quot;:{&quot;unit&quot;:&quot;px&quot;,&quot;size&quot;:10,&quot;sizes&quot;:[]},&quot;navigation&quot;:&quot;both&quot;,&quot;speed&quot;:500,&quot;image_spacing_custom_tablet&quot;:{&quot;unit&quot;:&quot;px&quot;,&quot;size&quot;:&quot;&quot;,&quot;sizes&quot;:[]},&quot;image_spacing_custom_mobile&quot;:{&quot;unit&quot;:&quot;px&quot;,&quot;size&quot;:&quot;&quot;,&quot;sizes&quot;:[]}}\" data-widget_type=\"image-carousel.default\">\n\t\t\t\t<div class=\"elementor-widget-container\">\n\t\t\t\t\t\t\t<div class=\"elementor-image-carousel-wrapper swiper\" role=\"region\" aria-roledescription=\"carousel\" aria-label=\"Bild Karussell\" dir=\"ltr\">\n\t\t\t<div class=\"elementor-image-carousel swiper-wrapper swiper-image-stretch\" aria-live=\"polite\">\n\t\t\t\t\t\t\t\t<div class=\"swiper-slide\" role=\"group\" aria-roledescription=\"slide\" aria-label=\"1 von 13\"><a data-elementor-open-lightbox=\"yes\" data-elementor-lightbox-slideshow=\"abe74f4\" data-elementor-lightbox-title=\"grappolo_d_oro_149\" data-e-action-hash=\"#elementor-action%3Aaction%3Dlightbox%26settings%3DeyJpZCI6MTQ3MTcsInVybCI6Imh0dHBzOlwvXC93d3cuYWxncmFwcG9sb2Rvcm8ubmV0XC93cC1jb250ZW50XC91cGxvYWRzXC8yMDIxXC8xMlwvZ3JhcHBvbG9fZF9vcm9fMTQ5LmpwZyIsInNsaWRlc2hvdyI6ImFiZTc0ZjQifQ%3D%3D\" href=\"https:\/\/www.algrappolodoro.net\/wp-content\/uploads\/2021\/12\/grappolo_d_oro_149.jpg\"><figure class=\"swiper-slide-inner\"><img decoding=\"async\" class=\"swiper-slide-image\" src=\"https:\/\/www.algrappolodoro.net\/wp-content\/uploads\/2021\/12\/grappolo_d_oro_149-768x513.jpg\" alt=\"grappolo_d_oro_149\" \/><\/figure><\/a><\/div><div class=\"swiper-slide\" role=\"group\" aria-roledescription=\"slide\" aria-label=\"2 von 13\"><a data-elementor-open-lightbox=\"yes\" data-elementor-lightbox-slideshow=\"abe74f4\" data-elementor-lightbox-title=\"grappolo_d_oro_150\" data-e-action-hash=\"#elementor-action%3Aaction%3Dlightbox%26settings%3DeyJpZCI6MTQ3MjAsInVybCI6Imh0dHBzOlwvXC93d3cuYWxncmFwcG9sb2Rvcm8ubmV0XC93cC1jb250ZW50XC91cGxvYWRzXC8yMDIxXC8xMlwvZ3JhcHBvbG9fZF9vcm9fMTUwLmpwZyIsInNsaWRlc2hvdyI6ImFiZTc0ZjQifQ%3D%3D\" href=\"https:\/\/www.algrappolodoro.net\/wp-content\/uploads\/2021\/12\/grappolo_d_oro_150.jpg\"><figure class=\"swiper-slide-inner\"><img decoding=\"async\" class=\"swiper-slide-image\" src=\"https:\/\/www.algrappolodoro.net\/wp-content\/uploads\/2021\/12\/grappolo_d_oro_150-768x513.jpg\" alt=\"grappolo_d_oro_150\" \/><\/figure><\/a><\/div><div class=\"swiper-slide\" role=\"group\" aria-roledescription=\"slide\" aria-label=\"3 von 13\"><a data-elementor-open-lightbox=\"yes\" data-elementor-lightbox-slideshow=\"abe74f4\" data-elementor-lightbox-title=\"grappolo_d_oro_144\" data-e-action-hash=\"#elementor-action%3Aaction%3Dlightbox%26settings%3DeyJpZCI6MTQ3MDgsInVybCI6Imh0dHBzOlwvXC93d3cuYWxncmFwcG9sb2Rvcm8ubmV0XC93cC1jb250ZW50XC91cGxvYWRzXC8yMDIxXC8xMlwvZ3JhcHBvbG9fZF9vcm9fMTQ0LmpwZyIsInNsaWRlc2hvdyI6ImFiZTc0ZjQifQ%3D%3D\" href=\"https:\/\/www.algrappolodoro.net\/wp-content\/uploads\/2021\/12\/grappolo_d_oro_144.jpg\"><figure class=\"swiper-slide-inner\"><img decoding=\"async\" class=\"swiper-slide-image\" src=\"https:\/\/www.algrappolodoro.net\/wp-content\/uploads\/2021\/12\/grappolo_d_oro_144-768x513.jpg\" alt=\"grappolo_d_oro_144\" \/><\/figure><\/a><\/div><div class=\"swiper-slide\" role=\"group\" aria-roledescription=\"slide\" aria-label=\"4 von 13\"><a data-elementor-open-lightbox=\"yes\" data-elementor-lightbox-slideshow=\"abe74f4\" data-elementor-lightbox-title=\"grappolo_d_oro_146\" data-e-action-hash=\"#elementor-action%3Aaction%3Dlightbox%26settings%3DeyJpZCI6MTQ3MTQsInVybCI6Imh0dHBzOlwvXC93d3cuYWxncmFwcG9sb2Rvcm8ubmV0XC93cC1jb250ZW50XC91cGxvYWRzXC8yMDIxXC8xMlwvZ3JhcHBvbG9fZF9vcm9fMTQ2LmpwZyIsInNsaWRlc2hvdyI6ImFiZTc0ZjQifQ%3D%3D\" href=\"https:\/\/www.algrappolodoro.net\/wp-content\/uploads\/2021\/12\/grappolo_d_oro_146.jpg\"><figure class=\"swiper-slide-inner\"><img decoding=\"async\" class=\"swiper-slide-image\" src=\"https:\/\/www.algrappolodoro.net\/wp-content\/uploads\/2021\/12\/grappolo_d_oro_146-768x513.jpg\" alt=\"grappolo_d_oro_146\" \/><\/figure><\/a><\/div><div class=\"swiper-slide\" role=\"group\" aria-roledescription=\"slide\" aria-label=\"5 von 13\"><a data-elementor-open-lightbox=\"yes\" data-elementor-lightbox-slideshow=\"abe74f4\" data-elementor-lightbox-title=\"servizi-hall4\" data-e-action-hash=\"#elementor-action%3Aaction%3Dlightbox%26settings%3DeyJpZCI6MTQ3MjYsInVybCI6Imh0dHBzOlwvXC93d3cuYWxncmFwcG9sb2Rvcm8ubmV0XC93cC1jb250ZW50XC91cGxvYWRzXC8yMDIxXC8xMlwvc2Vydml6aS1oYWxsNC5qcGciLCJzbGlkZXNob3ciOiJhYmU3NGY0In0%3D\" href=\"https:\/\/www.algrappolodoro.net\/wp-content\/uploads\/2021\/12\/servizi-hall4.jpg\"><figure class=\"swiper-slide-inner\"><img decoding=\"async\" class=\"swiper-slide-image\" src=\"https:\/\/www.algrappolodoro.net\/wp-content\/uploads\/2021\/12\/servizi-hall4-768x512.jpg\" alt=\"servizi-hall4\" \/><\/figure><\/a><\/div><div class=\"swiper-slide\" role=\"group\" aria-roledescription=\"slide\" aria-label=\"6 von 13\"><a data-elementor-open-lightbox=\"yes\" data-elementor-lightbox-slideshow=\"abe74f4\" data-elementor-lightbox-title=\"grappolo_d_oro_145\" data-e-action-hash=\"#elementor-action%3Aaction%3Dlightbox%26settings%3DeyJpZCI6MTQ3MTEsInVybCI6Imh0dHBzOlwvXC93d3cuYWxncmFwcG9sb2Rvcm8ubmV0XC93cC1jb250ZW50XC91cGxvYWRzXC8yMDIxXC8xMlwvZ3JhcHBvbG9fZF9vcm9fMTQ1LmpwZyIsInNsaWRlc2hvdyI6ImFiZTc0ZjQifQ%3D%3D\" href=\"https:\/\/www.algrappolodoro.net\/wp-content\/uploads\/2021\/12\/grappolo_d_oro_145.jpg\"><figure class=\"swiper-slide-inner\"><img decoding=\"async\" class=\"swiper-slide-image\" src=\"https:\/\/www.algrappolodoro.net\/wp-content\/uploads\/2021\/12\/grappolo_d_oro_145-768x513.jpg\" alt=\"grappolo_d_oro_145\" \/><\/figure><\/a><\/div><div class=\"swiper-slide\" role=\"group\" aria-roledescription=\"slide\" aria-label=\"7 von 13\"><a data-elementor-open-lightbox=\"yes\" data-elementor-lightbox-slideshow=\"abe74f4\" data-elementor-lightbox-title=\"grappolo_d_oro_139\" data-e-action-hash=\"#elementor-action%3Aaction%3Dlightbox%26settings%3DeyJpZCI6MTQ3MDUsInVybCI6Imh0dHBzOlwvXC93d3cuYWxncmFwcG9sb2Rvcm8ubmV0XC93cC1jb250ZW50XC91cGxvYWRzXC8yMDIxXC8xMlwvZ3JhcHBvbG9fZF9vcm9fMTM5LmpwZyIsInNsaWRlc2hvdyI6ImFiZTc0ZjQifQ%3D%3D\" href=\"https:\/\/www.algrappolodoro.net\/wp-content\/uploads\/2021\/12\/grappolo_d_oro_139.jpg\"><figure class=\"swiper-slide-inner\"><img decoding=\"async\" class=\"swiper-slide-image\" src=\"https:\/\/www.algrappolodoro.net\/wp-content\/uploads\/2021\/12\/grappolo_d_oro_139-768x513.jpg\" alt=\"grappolo_d_oro_139\" \/><\/figure><\/a><\/div><div class=\"swiper-slide\" role=\"group\" aria-roledescription=\"slide\" aria-label=\"8 von 13\"><a data-elementor-open-lightbox=\"yes\" data-elementor-lightbox-slideshow=\"abe74f4\" data-elementor-lightbox-title=\"grappolo_d_oro_138\" data-e-action-hash=\"#elementor-action%3Aaction%3Dlightbox%26settings%3DeyJpZCI6MTQ3MDIsInVybCI6Imh0dHBzOlwvXC93d3cuYWxncmFwcG9sb2Rvcm8ubmV0XC93cC1jb250ZW50XC91cGxvYWRzXC8yMDIxXC8xMlwvZ3JhcHBvbG9fZF9vcm9fMTM4LmpwZyIsInNsaWRlc2hvdyI6ImFiZTc0ZjQifQ%3D%3D\" href=\"https:\/\/www.algrappolodoro.net\/wp-content\/uploads\/2021\/12\/grappolo_d_oro_138.jpg\"><figure class=\"swiper-slide-inner\"><img decoding=\"async\" class=\"swiper-slide-image\" src=\"https:\/\/www.algrappolodoro.net\/wp-content\/uploads\/2021\/12\/grappolo_d_oro_138-768x513.jpg\" alt=\"grappolo_d_oro_138\" \/><\/figure><\/a><\/div><div class=\"swiper-slide\" role=\"group\" aria-roledescription=\"slide\" aria-label=\"9 von 13\"><a data-elementor-open-lightbox=\"yes\" data-elementor-lightbox-slideshow=\"abe74f4\" data-elementor-lightbox-title=\"grappolo_d_oro_153\" data-e-action-hash=\"#elementor-action%3Aaction%3Dlightbox%26settings%3DeyJpZCI6MTQ3MjMsInVybCI6Imh0dHBzOlwvXC93d3cuYWxncmFwcG9sb2Rvcm8ubmV0XC93cC1jb250ZW50XC91cGxvYWRzXC8yMDIxXC8xMlwvZ3JhcHBvbG9fZF9vcm9fMTUzLmpwZyIsInNsaWRlc2hvdyI6ImFiZTc0ZjQifQ%3D%3D\" href=\"https:\/\/www.algrappolodoro.net\/wp-content\/uploads\/2021\/12\/grappolo_d_oro_153.jpg\"><figure class=\"swiper-slide-inner\"><img decoding=\"async\" class=\"swiper-slide-image\" src=\"https:\/\/www.algrappolodoro.net\/wp-content\/uploads\/2021\/12\/grappolo_d_oro_153-768x511.jpg\" alt=\"grappolo_d_oro_153\" \/><\/figure><\/a><\/div><div class=\"swiper-slide\" role=\"group\" aria-roledescription=\"slide\" aria-label=\"10 von 13\"><a data-elementor-open-lightbox=\"yes\" data-elementor-lightbox-slideshow=\"abe74f4\" data-elementor-lightbox-title=\"servizi-hall3\" data-e-action-hash=\"#elementor-action%3Aaction%3Dlightbox%26settings%3DeyJpZCI6MTQyODIsInVybCI6Imh0dHBzOlwvXC93d3cuYWxncmFwcG9sb2Rvcm8ubmV0XC93cC1jb250ZW50XC91cGxvYWRzXC8yMDIwXC8wN1wvc2Vydml6aS1oYWxsMy5qcGciLCJzbGlkZXNob3ciOiJhYmU3NGY0In0%3D\" href=\"https:\/\/www.algrappolodoro.net\/wp-content\/uploads\/2020\/07\/servizi-hall3.jpg\"><figure class=\"swiper-slide-inner\"><img decoding=\"async\" class=\"swiper-slide-image\" src=\"https:\/\/www.algrappolodoro.net\/wp-content\/uploads\/2020\/07\/servizi-hall3-768x547.jpg\" alt=\"servizi-hall3\" \/><\/figure><\/a><\/div><div class=\"swiper-slide\" role=\"group\" aria-roledescription=\"slide\" aria-label=\"11 von 13\"><a data-elementor-open-lightbox=\"yes\" data-elementor-lightbox-slideshow=\"abe74f4\" data-elementor-lightbox-title=\"grappolo_d_oro_137\" data-e-action-hash=\"#elementor-action%3Aaction%3Dlightbox%26settings%3DeyJpZCI6MTQ2OTksInVybCI6Imh0dHBzOlwvXC93d3cuYWxncmFwcG9sb2Rvcm8ubmV0XC93cC1jb250ZW50XC91cGxvYWRzXC8yMDIxXC8xMlwvZ3JhcHBvbG9fZF9vcm9fMTM3LmpwZyIsInNsaWRlc2hvdyI6ImFiZTc0ZjQifQ%3D%3D\" href=\"https:\/\/www.algrappolodoro.net\/wp-content\/uploads\/2021\/12\/grappolo_d_oro_137.jpg\"><figure class=\"swiper-slide-inner\"><img decoding=\"async\" class=\"swiper-slide-image\" src=\"https:\/\/www.algrappolodoro.net\/wp-content\/uploads\/2021\/12\/grappolo_d_oro_137-768x513.jpg\" alt=\"grappolo_d_oro_137\" \/><\/figure><\/a><\/div><div class=\"swiper-slide\" role=\"group\" aria-roledescription=\"slide\" aria-label=\"12 von 13\"><a data-elementor-open-lightbox=\"yes\" data-elementor-lightbox-slideshow=\"abe74f4\" data-elementor-lightbox-title=\"servizi-hall8\" data-e-action-hash=\"#elementor-action%3Aaction%3Dlightbox%26settings%3DeyJpZCI6MTQyOTIsInVybCI6Imh0dHBzOlwvXC93d3cuYWxncmFwcG9sb2Rvcm8ubmV0XC93cC1jb250ZW50XC91cGxvYWRzXC8yMDIwXC8wN1wvc2Vydml6aS1oYWxsOC5qcGciLCJzbGlkZXNob3ciOiJhYmU3NGY0In0%3D\" href=\"https:\/\/www.algrappolodoro.net\/wp-content\/uploads\/2020\/07\/servizi-hall8.jpg\"><figure class=\"swiper-slide-inner\"><img decoding=\"async\" class=\"swiper-slide-image\" src=\"https:\/\/www.algrappolodoro.net\/wp-content\/uploads\/2020\/07\/servizi-hall8-768x512.jpg\" alt=\"servizi-hall8\" \/><\/figure><\/a><\/div><div class=\"swiper-slide\" role=\"group\" aria-roledescription=\"slide\" aria-label=\"13 von 13\"><a data-elementor-open-lightbox=\"yes\" data-elementor-lightbox-slideshow=\"abe74f4\" data-elementor-lightbox-title=\"servizi-hall9\" data-e-action-hash=\"#elementor-action%3Aaction%3Dlightbox%26settings%3DeyJpZCI6MTQyNzYsInVybCI6Imh0dHBzOlwvXC93d3cuYWxncmFwcG9sb2Rvcm8ubmV0XC93cC1jb250ZW50XC91cGxvYWRzXC8yMDIwXC8wN1wvc2Vydml6aS1oYWxsOS5qcGciLCJzbGlkZXNob3ciOiJhYmU3NGY0In0%3D\" href=\"https:\/\/www.algrappolodoro.net\/wp-content\/uploads\/2020\/07\/servizi-hall9.jpg\"><figure class=\"swiper-slide-inner\"><img decoding=\"async\" class=\"swiper-slide-image\" src=\"https:\/\/www.algrappolodoro.net\/wp-content\/uploads\/2020\/07\/servizi-hall9-768x345.jpg\" alt=\"servizi-hall9\" \/><\/figure><\/a><\/div>\t\t\t<\/div>\n\t\t\t\t\t\t\t\t\t\t\t\t<div class=\"elementor-swiper-button elementor-swiper-button-prev\" role=\"button\" tabindex=\"0\">\n\t\t\t\t\t\t<i aria-hidden=\"true\" class=\"eicon-chevron-left\"><\/i>\t\t\t\t\t<\/div>\n\t\t\t\t\t<div class=\"elementor-swiper-button elementor-swiper-button-next\" role=\"button\" tabindex=\"0\">\n\t\t\t\t\t\t<i aria-hidden=\"true\" class=\"eicon-chevron-right\"><\/i>\t\t\t\t\t<\/div>\n\t\t\t\t\n\t\t\t\t\t\t\t\t\t<div class=\"swiper-pagination\"><\/div>\n\t\t\t\t\t\t\t\t\t<\/div>\n\t\t\t\t\t\t<\/div>\n\t\t\t\t<\/div>\n\t\t\t\t<div class=\"elementor-element elementor-element-d6763f2 elementor-widget elementor-widget-heading\" data-id=\"d6763f2\" data-element_type=\"widget\" data-widget_type=\"heading.default\">\n\t\t\t\t<div class=\"elementor-widget-container\">\n\t\t\t\t\t<h1 class=\"elementor-heading-title elementor-size-default\">Hall<\/h1>\t\t\t\t<\/div>\n\t\t\t\t<\/div>\n\t\t\t\t<div class=\"elementor-element elementor-element-c72b20a elementor-widget elementor-widget-text-editor\" data-id=\"c72b20a\" data-element_type=\"widget\" data-widget_type=\"text-editor.default\">\n\t\t\t\t<div class=\"elementor-widget-container\">\n\t\t\t\t\t\t\t\t\t<p>Zu begr\u00fc\u00dfen unsere G\u00e4ste haben qualifiziertes Personal, das gro\u00dfe, helle Lobby und &#8218;gekennzeichnet durch sch\u00f6ne Skulpturen, Gem\u00e4lde und einen sch\u00f6nen Kamin an Winterabenden. <b>Corner Bar<\/b> mit Tischservice, <b>Fernsehraum<\/b>, <b>Aufzug<\/b>, <b>Wi-Fi<\/b> und <b>Zugang f\u00fcr Behinderte<\/b>.<br \/>Die Lobby ist ein besonderer Ort, um zu entspannen und genie\u00dfen Sie einen aus den Trauben von Torgiano produziert guten Wein.<\/p>\n\t\t\t\t\t\t\t\t<\/div>\n\t\t\t\t<\/div>\n\t\t\t\t\t<\/div>\n\t\t<\/div>\n\t\t\t\t\t<\/div>\n\t\t<\/section>\n\t\t\t\t<\/div>\n\t\t","protected":false},"excerpt":{"rendered":"<p>Precedente Successivo Hall Zu begr\u00fc\u00dfen unsere G\u00e4ste haben qualifiziertes Personal, das gro\u00dfe, &#8230; <a title=\"Hall\" class=\"read-more\" href=\"https:\/\/www.algrappolodoro.net\/de\/hall\/\">Leggi tutto<\/a><\/p>\n","protected":false},"author":1,"featured_media":0,"parent":0,"menu_order":0,"comment_status":"closed","ping_status":"closed","template":"","meta":{"footnotes":""},"class_list":{"0":"post-15230","1":"page","2":"type-page","3":"status-publish","5":"no-featured-image-padding"},"acf":[],"yoast_head":"<!-- This site is optimized with the Yoast SEO plugin v25.2 - https:\/\/yoast.com\/wordpress\/plugins\/seo\/ -->\n<title>Hall Boutique Hotel Al Grappolo d&#039;Oro Torgiano - Perugia<\/title>\n<meta name=\"description\" content=\"Entdecken Sie das Hotel al Grappolo d&#039;Oro in Torgiano und verbringen Sie einen Aufenthalt in den gr\u00fcnen H\u00fcgeln Umbriens, zwischen Perugia und Assisi.\" \/>\n<meta name=\"robots\" content=\"index, follow, max-snippet:-1, max-image-preview:large, max-video-preview:-1\" \/>\n<link rel=\"canonical\" href=\"https:\/\/www.algrappolodoro.net\/de\/hall\/\" \/>\n<meta property=\"og:locale\" content=\"de_DE\" \/>\n<meta property=\"og:type\" content=\"article\" \/>\n<meta property=\"og:title\" content=\"Hall Boutique Hotel Al Grappolo d&#039;Oro Torgiano - Perugia\" \/>\n<meta property=\"og:description\" content=\"Entdecken Sie das Hotel al Grappolo d&#039;Oro in Torgiano und verbringen Sie einen Aufenthalt in den gr\u00fcnen H\u00fcgeln Umbriens, zwischen Perugia und Assisi.\" \/>\n<meta property=\"og:url\" content=\"https:\/\/www.algrappolodoro.net\/de\/hall\/\" \/>\n<meta property=\"og:site_name\" content=\"Boutique Hotel Al Grappolo d&#039;Oro Torgiano\" \/>\n<meta property=\"article:modified_time\" content=\"2021-12-09T16:25:17+00:00\" \/>\n<meta property=\"og:image\" content=\"http:\/\/www.algrappolodoro.net\/wp-content\/uploads\/2021\/12\/grappolo_d_oro_140.jpg\" \/>\n<meta name=\"twitter:card\" content=\"summary_large_image\" \/>\n<script type=\"application\/ld+json\" class=\"yoast-schema-graph\">{\"@context\":\"https:\/\/schema.org\",\"@graph\":[{\"@type\":\"WebPage\",\"@id\":\"https:\/\/www.algrappolodoro.net\/de\/hall\/\",\"url\":\"https:\/\/www.algrappolodoro.net\/de\/hall\/\",\"name\":\"Hall Boutique Hotel Al Grappolo d&#039;Oro Torgiano - Perugia\",\"isPartOf\":{\"@id\":\"https:\/\/www.algrappolodoro.net\/de\/#website\"},\"primaryImageOfPage\":{\"@id\":\"https:\/\/www.algrappolodoro.net\/de\/hall\/#primaryimage\"},\"image\":{\"@id\":\"https:\/\/www.algrappolodoro.net\/de\/hall\/#primaryimage\"},\"thumbnailUrl\":\"http:\/\/www.algrappolodoro.net\/wp-content\/uploads\/2021\/12\/grappolo_d_oro_140.jpg\",\"datePublished\":\"2021-12-09T16:25:15+00:00\",\"dateModified\":\"2021-12-09T16:25:17+00:00\",\"description\":\"Entdecken Sie das Hotel al Grappolo d'Oro in Torgiano und verbringen Sie einen Aufenthalt in den gr\u00fcnen H\u00fcgeln Umbriens, zwischen Perugia und Assisi.\",\"breadcrumb\":{\"@id\":\"https:\/\/www.algrappolodoro.net\/de\/hall\/#breadcrumb\"},\"inLanguage\":\"de\",\"potentialAction\":[{\"@type\":\"ReadAction\",\"target\":[\"https:\/\/www.algrappolodoro.net\/de\/hall\/\"]}]},{\"@type\":\"ImageObject\",\"inLanguage\":\"de\",\"@id\":\"https:\/\/www.algrappolodoro.net\/de\/hall\/#primaryimage\",\"url\":\"http:\/\/www.algrappolodoro.net\/wp-content\/uploads\/2021\/12\/grappolo_d_oro_140.jpg\",\"contentUrl\":\"http:\/\/www.algrappolodoro.net\/wp-content\/uploads\/2021\/12\/grappolo_d_oro_140.jpg\"},{\"@type\":\"BreadcrumbList\",\"@id\":\"https:\/\/www.algrappolodoro.net\/de\/hall\/#breadcrumb\",\"itemListElement\":[{\"@type\":\"ListItem\",\"position\":1,\"name\":\"Home\",\"item\":\"https:\/\/www.algrappolodoro.net\/de\/home\/\"},{\"@type\":\"ListItem\",\"position\":2,\"name\":\"Hall\"}]},{\"@type\":\"WebSite\",\"@id\":\"https:\/\/www.algrappolodoro.net\/de\/#website\",\"url\":\"https:\/\/www.algrappolodoro.net\/de\/\",\"name\":\"Boutique Hotel Al Grappolo d&#039;Oro Torgiano\",\"description\":\"\",\"publisher\":{\"@id\":\"https:\/\/www.algrappolodoro.net\/de\/#organization\"},\"potentialAction\":[{\"@type\":\"SearchAction\",\"target\":{\"@type\":\"EntryPoint\",\"urlTemplate\":\"https:\/\/www.algrappolodoro.net\/de\/?s={search_term_string}\"},\"query-input\":{\"@type\":\"PropertyValueSpecification\",\"valueRequired\":true,\"valueName\":\"search_term_string\"}}],\"inLanguage\":\"de\"},{\"@type\":\"Organization\",\"@id\":\"https:\/\/www.algrappolodoro.net\/de\/#organization\",\"name\":\"Hotel Al Grappolo d'Oro\",\"url\":\"https:\/\/www.algrappolodoro.net\/de\/\",\"logo\":{\"@type\":\"ImageObject\",\"inLanguage\":\"de\",\"@id\":\"https:\/\/www.algrappolodoro.net\/de\/#\/schema\/logo\/image\/\",\"url\":\"http:\/\/www.algrappolodoro.net\/wp-content\/uploads\/2020\/07\/logo.png\",\"contentUrl\":\"http:\/\/www.algrappolodoro.net\/wp-content\/uploads\/2020\/07\/logo.png\",\"width\":233,\"height\":111,\"caption\":\"Hotel Al Grappolo d'Oro\"},\"image\":{\"@id\":\"https:\/\/www.algrappolodoro.net\/de\/#\/schema\/logo\/image\/\"}}]}<\/script>\n<!-- \/ Yoast SEO plugin. -->","yoast_head_json":{"title":"Hall Boutique Hotel Al Grappolo d&#039;Oro Torgiano - Perugia","description":"Entdecken Sie das Hotel al Grappolo d'Oro in Torgiano und verbringen Sie einen Aufenthalt in den gr\u00fcnen H\u00fcgeln Umbriens, zwischen Perugia und Assisi.","robots":{"index":"index","follow":"follow","max-snippet":"max-snippet:-1","max-image-preview":"max-image-preview:large","max-video-preview":"max-video-preview:-1"},"canonical":"https:\/\/www.algrappolodoro.net\/de\/hall\/","og_locale":"de_DE","og_type":"article","og_title":"Hall Boutique Hotel Al Grappolo d&#039;Oro Torgiano - Perugia","og_description":"Entdecken Sie das Hotel al Grappolo d'Oro in Torgiano und verbringen Sie einen Aufenthalt in den gr\u00fcnen H\u00fcgeln Umbriens, zwischen Perugia und Assisi.","og_url":"https:\/\/www.algrappolodoro.net\/de\/hall\/","og_site_name":"Boutique Hotel Al Grappolo d&#039;Oro Torgiano","article_modified_time":"2021-12-09T16:25:17+00:00","og_image":[{"url":"http:\/\/www.algrappolodoro.net\/wp-content\/uploads\/2021\/12\/grappolo_d_oro_140.jpg","type":"","width":"","height":""}],"twitter_card":"summary_large_image","schema":{"@context":"https:\/\/schema.org","@graph":[{"@type":"WebPage","@id":"https:\/\/www.algrappolodoro.net\/de\/hall\/","url":"https:\/\/www.algrappolodoro.net\/de\/hall\/","name":"Hall Boutique Hotel Al Grappolo d&#039;Oro Torgiano - Perugia","isPartOf":{"@id":"https:\/\/www.algrappolodoro.net\/de\/#website"},"primaryImageOfPage":{"@id":"https:\/\/www.algrappolodoro.net\/de\/hall\/#primaryimage"},"image":{"@id":"https:\/\/www.algrappolodoro.net\/de\/hall\/#primaryimage"},"thumbnailUrl":"http:\/\/www.algrappolodoro.net\/wp-content\/uploads\/2021\/12\/grappolo_d_oro_140.jpg","datePublished":"2021-12-09T16:25:15+00:00","dateModified":"2021-12-09T16:25:17+00:00","description":"Entdecken Sie das Hotel al Grappolo d'Oro in Torgiano und verbringen Sie einen Aufenthalt in den gr\u00fcnen H\u00fcgeln Umbriens, zwischen Perugia und Assisi.","breadcrumb":{"@id":"https:\/\/www.algrappolodoro.net\/de\/hall\/#breadcrumb"},"inLanguage":"de","potentialAction":[{"@type":"ReadAction","target":["https:\/\/www.algrappolodoro.net\/de\/hall\/"]}]},{"@type":"ImageObject","inLanguage":"de","@id":"https:\/\/www.algrappolodoro.net\/de\/hall\/#primaryimage","url":"http:\/\/www.algrappolodoro.net\/wp-content\/uploads\/2021\/12\/grappolo_d_oro_140.jpg","contentUrl":"http:\/\/www.algrappolodoro.net\/wp-content\/uploads\/2021\/12\/grappolo_d_oro_140.jpg"},{"@type":"BreadcrumbList","@id":"https:\/\/www.algrappolodoro.net\/de\/hall\/#breadcrumb","itemListElement":[{"@type":"ListItem","position":1,"name":"Home","item":"https:\/\/www.algrappolodoro.net\/de\/home\/"},{"@type":"ListItem","position":2,"name":"Hall"}]},{"@type":"WebSite","@id":"https:\/\/www.algrappolodoro.net\/de\/#website","url":"https:\/\/www.algrappolodoro.net\/de\/","name":"Boutique Hotel Al Grappolo d&#039;Oro Torgiano","description":"","publisher":{"@id":"https:\/\/www.algrappolodoro.net\/de\/#organization"},"potentialAction":[{"@type":"SearchAction","target":{"@type":"EntryPoint","urlTemplate":"https:\/\/www.algrappolodoro.net\/de\/?s={search_term_string}"},"query-input":{"@type":"PropertyValueSpecification","valueRequired":true,"valueName":"search_term_string"}}],"inLanguage":"de"},{"@type":"Organization","@id":"https:\/\/www.algrappolodoro.net\/de\/#organization","name":"Hotel Al Grappolo d'Oro","url":"https:\/\/www.algrappolodoro.net\/de\/","logo":{"@type":"ImageObject","inLanguage":"de","@id":"https:\/\/www.algrappolodoro.net\/de\/#\/schema\/logo\/image\/","url":"http:\/\/www.algrappolodoro.net\/wp-content\/uploads\/2020\/07\/logo.png","contentUrl":"http:\/\/www.algrappolodoro.net\/wp-content\/uploads\/2020\/07\/logo.png","width":233,"height":111,"caption":"Hotel Al Grappolo d'Oro"},"image":{"@id":"https:\/\/www.algrappolodoro.net\/de\/#\/schema\/logo\/image\/"}}]}},"_links":{"self":[{"href":"https:\/\/www.algrappolodoro.net\/de\/wp-json\/wp\/v2\/pages\/15230","targetHints":{"allow":["GET"]}}],"collection":[{"href":"https:\/\/www.algrappolodoro.net\/de\/wp-json\/wp\/v2\/pages"}],"about":[{"href":"https:\/\/www.algrappolodoro.net\/de\/wp-json\/wp\/v2\/types\/page"}],"author":[{"embeddable":true,"href":"https:\/\/www.algrappolodoro.net\/de\/wp-json\/wp\/v2\/users\/1"}],"replies":[{"embeddable":true,"href":"https:\/\/www.algrappolodoro.net\/de\/wp-json\/wp\/v2\/comments?post=15230"}],"version-history":[{"count":1,"href":"https:\/\/www.algrappolodoro.net\/de\/wp-json\/wp\/v2\/pages\/15230\/revisions"}],"predecessor-version":[{"id":15231,"href":"https:\/\/www.algrappolodoro.net\/de\/wp-json\/wp\/v2\/pages\/15230\/revisions\/15231"}],"wp:attachment":[{"href":"https:\/\/www.algrappolodoro.net\/de\/wp-json\/wp\/v2\/media?parent=15230"}],"curies":[{"name":"wp","href":"https:\/\/api.w.org\/{rel}","templated":true}]}}