{"id":15222,"date":"2021-12-09T17:19:17","date_gmt":"2021-12-09T16:19:17","guid":{"rendered":"http:\/\/www.algrappolodoro.net\/zimmer\/executive\/"},"modified":"2026-02-19T17:50:08","modified_gmt":"2026-02-19T16:50:08","slug":"executive","status":"publish","type":"page","link":"https:\/\/www.algrappolodoro.net\/de\/zimmer\/executive\/","title":{"rendered":"Executive"},"content":{"rendered":"\t\t<div data-elementor-type=\"wp-page\" data-elementor-id=\"15222\" class=\"elementor elementor-15222 elementor-13984\" data-elementor-post-type=\"page\">\n\t\t\t\t\t\t<section class=\"elementor-section elementor-top-section elementor-element elementor-element-be28275 elementor-section-boxed elementor-section-height-default elementor-section-height-default\" data-id=\"be28275\" data-element_type=\"section\" data-settings=\"{&quot;background_background&quot;:&quot;classic&quot;}\">\n\t\t\t\t\t\t<div class=\"elementor-container elementor-column-gap-default\">\n\t\t\t\t\t<div class=\"elementor-column elementor-col-100 elementor-top-column elementor-element elementor-element-4011bee\" data-id=\"4011bee\" data-element_type=\"column\" data-settings=\"{&quot;background_background&quot;:&quot;classic&quot;}\">\n\t\t\t<div class=\"elementor-widget-wrap elementor-element-populated\">\n\t\t\t\t\t\t<div class=\"elementor-element elementor-element-2ff261a elementor-widget elementor-widget-heading\" data-id=\"2ff261a\" data-element_type=\"widget\" data-widget_type=\"heading.default\">\n\t\t\t\t<div class=\"elementor-widget-container\">\n\t\t\t\t\t<h2 class=\"elementor-heading-title elementor-size-default\">ZIMMER - EXECUTIVE : 2 PERSONEN<\/h2>\t\t\t\t<\/div>\n\t\t\t\t<\/div>\n\t\t\t\t\t<\/div>\n\t\t<\/div>\n\t\t\t\t\t<\/div>\n\t\t<\/section>\n\t\t\t\t<section class=\"elementor-section elementor-top-section elementor-element elementor-element-3934d0f elementor-section-full_width elementor-section-height-default elementor-section-height-default\" data-id=\"3934d0f\" data-element_type=\"section\">\n\t\t\t\t\t\t<div class=\"elementor-container elementor-column-gap-no\">\n\t\t\t\t\t<div class=\"elementor-column elementor-col-100 elementor-top-column elementor-element elementor-element-b2fb835\" data-id=\"b2fb835\" data-element_type=\"column\">\n\t\t\t<div class=\"elementor-widget-wrap elementor-element-populated\">\n\t\t\t\t\t\t<div class=\"elementor-element elementor-element-518ecfb elementor-widget elementor-widget-image\" data-id=\"518ecfb\" data-element_type=\"widget\" data-widget_type=\"image.default\">\n\t\t\t\t<div class=\"elementor-widget-container\">\n\t\t\t\t\t\t\t\t\t\t\t\t\t\t\t<img fetchpriority=\"high\" decoding=\"async\" width=\"1920\" height=\"823\" src=\"https:\/\/www.algrappolodoro.net\/wp-content\/uploads\/2021\/12\/slide_camere_executive.jpg\" class=\"attachment-full size-full wp-image-14592\" alt=\"\" srcset=\"https:\/\/www.algrappolodoro.net\/wp-content\/uploads\/2021\/12\/slide_camere_executive.jpg 1920w, https:\/\/www.algrappolodoro.net\/wp-content\/uploads\/2021\/12\/slide_camere_executive-300x129.jpg 300w, https:\/\/www.algrappolodoro.net\/wp-content\/uploads\/2021\/12\/slide_camere_executive-1024x439.jpg 1024w, https:\/\/www.algrappolodoro.net\/wp-content\/uploads\/2021\/12\/slide_camere_executive-768x329.jpg 768w, https:\/\/www.algrappolodoro.net\/wp-content\/uploads\/2021\/12\/slide_camere_executive-1536x658.jpg 1536w\" sizes=\"(max-width: 1920px) 100vw, 1920px\" \/>\t\t\t\t\t\t\t\t\t\t\t\t\t\t\t<\/div>\n\t\t\t\t<\/div>\n\t\t\t\t\t<\/div>\n\t\t<\/div>\n\t\t\t\t\t<\/div>\n\t\t<\/section>\n\t\t\t\t<section class=\"elementor-section elementor-top-section elementor-element elementor-element-f69059a elementor-section-boxed elementor-section-height-default elementor-section-height-default\" data-id=\"f69059a\" data-element_type=\"section\">\n\t\t\t\t\t\t<div class=\"elementor-container elementor-column-gap-default\">\n\t\t\t\t\t<div class=\"elementor-column elementor-col-100 elementor-top-column elementor-element elementor-element-fb2f4dd\" data-id=\"fb2f4dd\" data-element_type=\"column\">\n\t\t\t<div class=\"elementor-widget-wrap elementor-element-populated\">\n\t\t\t\t\t\t<div class=\"elementor-element elementor-element-abe74f4 galleryCustom elementor-arrows-position-inside elementor-pagination-position-outside elementor-widget elementor-widget-image-carousel\" data-id=\"abe74f4\" data-element_type=\"widget\" data-settings=\"{&quot;slides_to_show&quot;:&quot;3&quot;,&quot;slides_to_scroll&quot;:&quot;1&quot;,&quot;autoplay&quot;:&quot;no&quot;,&quot;infinite&quot;:&quot;no&quot;,&quot;image_spacing_custom&quot;:{&quot;unit&quot;:&quot;px&quot;,&quot;size&quot;:10,&quot;sizes&quot;:[]},&quot;navigation&quot;:&quot;both&quot;,&quot;speed&quot;:500,&quot;image_spacing_custom_tablet&quot;:{&quot;unit&quot;:&quot;px&quot;,&quot;size&quot;:&quot;&quot;,&quot;sizes&quot;:[]},&quot;image_spacing_custom_mobile&quot;:{&quot;unit&quot;:&quot;px&quot;,&quot;size&quot;:&quot;&quot;,&quot;sizes&quot;:[]}}\" data-widget_type=\"image-carousel.default\">\n\t\t\t\t<div class=\"elementor-widget-container\">\n\t\t\t\t\t\t\t<div class=\"elementor-image-carousel-wrapper swiper\" role=\"region\" aria-roledescription=\"carousel\" aria-label=\"Carosello d&#039;immagini\" dir=\"ltr\">\n\t\t\t<div class=\"elementor-image-carousel swiper-wrapper swiper-image-stretch\" aria-live=\"polite\">\n\t\t\t\t\t\t\t\t<div class=\"swiper-slide\" role=\"group\" aria-roledescription=\"slide\" aria-label=\"1 von 4\"><a data-elementor-open-lightbox=\"yes\" data-elementor-lightbox-slideshow=\"abe74f4\" data-elementor-lightbox-title=\"camere-executive1\" data-e-action-hash=\"#elementor-action%3Aaction%3Dlightbox%26settings%3DeyJpZCI6MTQyMzgsInVybCI6Imh0dHBzOlwvXC93d3cuYWxncmFwcG9sb2Rvcm8ubmV0XC93cC1jb250ZW50XC91cGxvYWRzXC8yMDIwXC8wN1wvY2FtZXJlLWV4ZWN1dGl2ZTEuanBnIiwic2xpZGVzaG93IjoiYWJlNzRmNCJ9\" href=\"https:\/\/www.algrappolodoro.net\/wp-content\/uploads\/2020\/07\/camere-executive1.jpg\"><figure class=\"swiper-slide-inner\"><img decoding=\"async\" class=\"swiper-slide-image\" src=\"https:\/\/www.algrappolodoro.net\/wp-content\/uploads\/elementor\/thumbs\/camere-executive1-pkcp83kt60qza6xa6si8i7f6ctv59qq9mblzd6uxmg.jpg\" alt=\"hotel al grappolo d&#039;oro camere\" \/><\/figure><\/a><\/div><div class=\"swiper-slide\" role=\"group\" aria-roledescription=\"slide\" aria-label=\"2 von 4\"><a data-elementor-open-lightbox=\"yes\" data-elementor-lightbox-slideshow=\"abe74f4\" data-elementor-lightbox-title=\"camere-executive2\" data-e-action-hash=\"#elementor-action%3Aaction%3Dlightbox%26settings%3DeyJpZCI6MTQyNDAsInVybCI6Imh0dHBzOlwvXC93d3cuYWxncmFwcG9sb2Rvcm8ubmV0XC93cC1jb250ZW50XC91cGxvYWRzXC8yMDIwXC8wN1wvY2FtZXJlLWV4ZWN1dGl2ZTIuanBnIiwic2xpZGVzaG93IjoiYWJlNzRmNCJ9\" href=\"https:\/\/www.algrappolodoro.net\/wp-content\/uploads\/2020\/07\/camere-executive2.jpg\"><figure class=\"swiper-slide-inner\"><img decoding=\"async\" class=\"swiper-slide-image\" src=\"https:\/\/www.algrappolodoro.net\/wp-content\/uploads\/elementor\/thumbs\/camere-executive2-pkcp83kt60qza6xa6si8i7f6ctv59qq9mblzd6uxmg.jpg\" alt=\"hotel al grappolo d&#039;oro bagno\" \/><\/figure><\/a><\/div><div class=\"swiper-slide\" role=\"group\" aria-roledescription=\"slide\" aria-label=\"3 von 4\"><a data-elementor-open-lightbox=\"yes\" data-elementor-lightbox-slideshow=\"abe74f4\" data-elementor-lightbox-title=\"camere-executive3\" data-e-action-hash=\"#elementor-action%3Aaction%3Dlightbox%26settings%3DeyJpZCI6MTQyNDIsInVybCI6Imh0dHBzOlwvXC93d3cuYWxncmFwcG9sb2Rvcm8ubmV0XC93cC1jb250ZW50XC91cGxvYWRzXC8yMDIwXC8wN1wvY2FtZXJlLWV4ZWN1dGl2ZTMuanBnIiwic2xpZGVzaG93IjoiYWJlNzRmNCJ9\" href=\"https:\/\/www.algrappolodoro.net\/wp-content\/uploads\/2020\/07\/camere-executive3.jpg\"><figure class=\"swiper-slide-inner\"><img decoding=\"async\" class=\"swiper-slide-image\" src=\"https:\/\/www.algrappolodoro.net\/wp-content\/uploads\/elementor\/thumbs\/camere-executive3-pkcp83kt60qza6xa6si8i7f6ctv59qq9mblzd6uxmg.jpg\" alt=\"hotel al grappolo d&#039;oro camere perugia\" \/><\/figure><\/a><\/div><div class=\"swiper-slide\" role=\"group\" aria-roledescription=\"slide\" aria-label=\"4 von 4\"><a data-elementor-open-lightbox=\"yes\" data-elementor-lightbox-slideshow=\"abe74f4\" data-elementor-lightbox-title=\"camere-executive4\" data-e-action-hash=\"#elementor-action%3Aaction%3Dlightbox%26settings%3DeyJpZCI6MTQyNDQsInVybCI6Imh0dHBzOlwvXC93d3cuYWxncmFwcG9sb2Rvcm8ubmV0XC93cC1jb250ZW50XC91cGxvYWRzXC8yMDIwXC8wN1wvY2FtZXJlLWV4ZWN1dGl2ZTQuanBnIiwic2xpZGVzaG93IjoiYWJlNzRmNCJ9\" href=\"https:\/\/www.algrappolodoro.net\/wp-content\/uploads\/2020\/07\/camere-executive4.jpg\"><figure class=\"swiper-slide-inner\"><img decoding=\"async\" class=\"swiper-slide-image\" src=\"https:\/\/www.algrappolodoro.net\/wp-content\/uploads\/elementor\/thumbs\/camere-executive4-pkcp83kt60qza6xa6si8i7f6ctv59qq9mblzd6uxmg.jpg\" alt=\"hotel perugia\" \/><\/figure><\/a><\/div>\t\t\t<\/div>\n\t\t\t\t\t\t\t\t\t\t\t\t<div class=\"elementor-swiper-button elementor-swiper-button-prev\" role=\"button\" tabindex=\"0\">\n\t\t\t\t\t\t<i aria-hidden=\"true\" class=\"eicon-chevron-left\"><\/i>\t\t\t\t\t<\/div>\n\t\t\t\t\t<div class=\"elementor-swiper-button elementor-swiper-button-next\" role=\"button\" tabindex=\"0\">\n\t\t\t\t\t\t<i aria-hidden=\"true\" class=\"eicon-chevron-right\"><\/i>\t\t\t\t\t<\/div>\n\t\t\t\t\n\t\t\t\t\t\t\t\t\t<div class=\"swiper-pagination\"><\/div>\n\t\t\t\t\t\t\t\t\t<\/div>\n\t\t\t\t\t\t<\/div>\n\t\t\t\t<\/div>\n\t\t\t\t<div class=\"elementor-element elementor-element-b4b4727 elementor-widget elementor-widget-heading\" data-id=\"b4b4727\" data-element_type=\"widget\" data-widget_type=\"heading.default\">\n\t\t\t\t<div class=\"elementor-widget-container\">\n\t\t\t\t\t<h1 class=\"elementor-heading-title elementor-size-large\">ZIMMER EXECUTIVE<\/h1>\t\t\t\t<\/div>\n\t\t\t\t<\/div>\n\t\t\t\t<div class=\"elementor-element elementor-element-bce9a67 elementor-widget elementor-widget-heading\" data-id=\"bce9a67\" data-element_type=\"widget\" data-widget_type=\"heading.default\">\n\t\t\t\t<div class=\"elementor-widget-container\">\n\t\t\t\t\t<p class=\"elementor-heading-title elementor-size-medium\">F\u00dcR 2 PERSONEN, GR\u00d6SSE 22 QM<\/p>\t\t\t\t<\/div>\n\t\t\t\t<\/div>\n\t\t\t\t<div class=\"elementor-element elementor-element-c72b20a elementor-widget elementor-widget-text-editor\" data-id=\"c72b20a\" data-element_type=\"widget\" data-widget_type=\"text-editor.default\">\n\t\t\t\t<div class=\"elementor-widget-container\">\n\t\t\t\t\t\t\t\t\t<div><p>Gem\u00fctlich, mit klassischen M\u00f6beln und Parkettb\u00f6den. Zimmer mit Panoramablick auf die Weinberge.<\/p><\/div>\t\t\t\t\t\t\t\t<\/div>\n\t\t\t\t<\/div>\n\t\t\t\t<div class=\"elementor-element elementor-element-30cadcb elementor-widget elementor-widget-heading\" data-id=\"30cadcb\" data-element_type=\"widget\" data-widget_type=\"heading.default\">\n\t\t\t\t<div class=\"elementor-widget-container\">\n\t\t\t\t\t<h3 class=\"elementor-heading-title elementor-size-default\">AUSSTATTUNG<\/h3>\t\t\t\t<\/div>\n\t\t\t\t<\/div>\n\t\t\t\t<section class=\"elementor-section elementor-inner-section elementor-element elementor-element-7f058a8 rigaServizi elementor-section-boxed elementor-section-height-default elementor-section-height-default\" data-id=\"7f058a8\" data-element_type=\"section\">\n\t\t\t\t\t\t<div class=\"elementor-container elementor-column-gap-default\">\n\t\t\t\t\t<div class=\"elementor-column elementor-col-50 elementor-inner-column elementor-element elementor-element-6eaa826\" data-id=\"6eaa826\" data-element_type=\"column\">\n\t\t\t<div class=\"elementor-widget-wrap elementor-element-populated\">\n\t\t\t\t\t\t<div class=\"elementor-element elementor-element-d4b2b01 elementor-widget elementor-widget-text-editor\" data-id=\"d4b2b01\" data-element_type=\"widget\" data-widget_type=\"text-editor.default\">\n\t\t\t\t<div class=\"elementor-widget-container\">\n\t\t\t\t\t\t\t\t\t<ul><li>Schreibtisch<\/li><li>Klimaanlage<\/li><li>Unabh\u00e4ngige Heizung<\/li><li>Privates Badezimmer mit Dusche<\/li><li>Haartrockner<\/li><li>Produkte f\u00fcr die pers\u00f6nliche Hygiene<\/li><\/ul>\t\t\t\t\t\t\t\t<\/div>\n\t\t\t\t<\/div>\n\t\t\t\t\t<\/div>\n\t\t<\/div>\n\t\t\t\t<div class=\"elementor-column elementor-col-50 elementor-inner-column elementor-element elementor-element-b009581\" data-id=\"b009581\" data-element_type=\"column\">\n\t\t\t<div class=\"elementor-widget-wrap elementor-element-populated\">\n\t\t\t\t\t\t<div class=\"elementor-element elementor-element-bd801bb elementor-widget elementor-widget-text-editor\" data-id=\"bd801bb\" data-element_type=\"widget\" data-widget_type=\"text-editor.default\">\n\t\t\t\t<div class=\"elementor-widget-container\">\n\t\t\t\t\t\t\t\t\t<ul><li>Digitaler Safe<\/li><li>Minibar<\/li><li>Telefon<\/li><li>Satelliten-TV<\/li><li><b>Wi-Fi<\/b> kostenlos<\/li><\/ul>\t\t\t\t\t\t\t\t<\/div>\n\t\t\t\t<\/div>\n\t\t\t\t\t<\/div>\n\t\t<\/div>\n\t\t\t\t\t<\/div>\n\t\t<\/section>\n\t\t\t\t\t<\/div>\n\t\t<\/div>\n\t\t\t\t\t<\/div>\n\t\t<\/section>\n\t\t\t\t<\/div>\n\t\t","protected":false},"excerpt":{"rendered":"<p>ZIMMER &#8211; EXECUTIVE : 2 PERSONEN ZIMMER EXECUTIVE F\u00dcR 2 PERSONEN, GR\u00d6SSE &#8230; <a title=\"Executive\" class=\"read-more\" href=\"https:\/\/www.algrappolodoro.net\/de\/zimmer\/executive\/\">Leggi tutto<\/a><\/p>\n","protected":false},"author":1,"featured_media":0,"parent":15216,"menu_order":0,"comment_status":"closed","ping_status":"closed","template":"","meta":{"footnotes":""},"class_list":{"0":"post-15222","1":"page","2":"type-page","3":"status-publish","5":"no-featured-image-padding"},"acf":[],"yoast_head":"<!-- This site is optimized with the Yoast SEO plugin v25.2 - https:\/\/yoast.com\/wordpress\/plugins\/seo\/ -->\n<title>Executive - Boutique Hotel Al Grappolo d&#039;Oro Torgiano<\/title>\n<meta name=\"robots\" content=\"index, follow, max-snippet:-1, max-image-preview:large, max-video-preview:-1\" \/>\n<link rel=\"canonical\" href=\"https:\/\/www.algrappolodoro.net\/de\/zimmer\/executive\/\" \/>\n<meta property=\"og:locale\" content=\"de_DE\" \/>\n<meta property=\"og:type\" content=\"article\" \/>\n<meta property=\"og:title\" content=\"Executive - Boutique Hotel Al Grappolo d&#039;Oro Torgiano\" \/>\n<meta property=\"og:description\" content=\"ZIMMER &#8211; EXECUTIVE : 2 PERSONEN ZIMMER EXECUTIVE F\u00dcR 2 PERSONEN, GR\u00d6SSE ... Leggi tutto\" \/>\n<meta property=\"og:url\" content=\"https:\/\/www.algrappolodoro.net\/de\/zimmer\/executive\/\" \/>\n<meta property=\"og:site_name\" content=\"Boutique Hotel Al Grappolo d&#039;Oro Torgiano\" \/>\n<meta property=\"article:modified_time\" content=\"2026-02-19T16:50:08+00:00\" \/>\n<meta property=\"og:image\" content=\"https:\/\/www.algrappolodoro.net\/wp-content\/uploads\/2021\/12\/slide_camere_executive.jpg\" \/>\n\t<meta property=\"og:image:width\" content=\"1920\" \/>\n\t<meta property=\"og:image:height\" content=\"823\" \/>\n\t<meta property=\"og:image:type\" content=\"image\/jpeg\" \/>\n<meta name=\"twitter:card\" content=\"summary_large_image\" \/>\n<script type=\"application\/ld+json\" class=\"yoast-schema-graph\">{\"@context\":\"https:\/\/schema.org\",\"@graph\":[{\"@type\":\"WebPage\",\"@id\":\"https:\/\/www.algrappolodoro.net\/de\/zimmer\/executive\/\",\"url\":\"https:\/\/www.algrappolodoro.net\/de\/zimmer\/executive\/\",\"name\":\"Executive - Boutique Hotel Al Grappolo d&#039;Oro Torgiano\",\"isPartOf\":{\"@id\":\"https:\/\/www.algrappolodoro.net\/de\/#website\"},\"primaryImageOfPage\":{\"@id\":\"https:\/\/www.algrappolodoro.net\/de\/zimmer\/executive\/#primaryimage\"},\"image\":{\"@id\":\"https:\/\/www.algrappolodoro.net\/de\/zimmer\/executive\/#primaryimage\"},\"thumbnailUrl\":\"https:\/\/www.algrappolodoro.net\/wp-content\/uploads\/2021\/12\/slide_camere_executive.jpg\",\"datePublished\":\"2021-12-09T16:19:17+00:00\",\"dateModified\":\"2026-02-19T16:50:08+00:00\",\"breadcrumb\":{\"@id\":\"https:\/\/www.algrappolodoro.net\/de\/zimmer\/executive\/#breadcrumb\"},\"inLanguage\":\"de\",\"potentialAction\":[{\"@type\":\"ReadAction\",\"target\":[\"https:\/\/www.algrappolodoro.net\/de\/zimmer\/executive\/\"]}]},{\"@type\":\"ImageObject\",\"inLanguage\":\"de\",\"@id\":\"https:\/\/www.algrappolodoro.net\/de\/zimmer\/executive\/#primaryimage\",\"url\":\"https:\/\/www.algrappolodoro.net\/wp-content\/uploads\/2021\/12\/slide_camere_executive.jpg\",\"contentUrl\":\"https:\/\/www.algrappolodoro.net\/wp-content\/uploads\/2021\/12\/slide_camere_executive.jpg\"},{\"@type\":\"BreadcrumbList\",\"@id\":\"https:\/\/www.algrappolodoro.net\/de\/zimmer\/executive\/#breadcrumb\",\"itemListElement\":[{\"@type\":\"ListItem\",\"position\":1,\"name\":\"Home\",\"item\":\"https:\/\/www.algrappolodoro.net\/de\/home\/\"},{\"@type\":\"ListItem\",\"position\":2,\"name\":\"Zimmer\",\"item\":\"https:\/\/www.algrappolodoro.net\/de\/zimmer\/\"},{\"@type\":\"ListItem\",\"position\":3,\"name\":\"Executive\"}]},{\"@type\":\"WebSite\",\"@id\":\"https:\/\/www.algrappolodoro.net\/de\/#website\",\"url\":\"https:\/\/www.algrappolodoro.net\/de\/\",\"name\":\"Boutique Hotel Al Grappolo d&#039;Oro Torgiano\",\"description\":\"\",\"publisher\":{\"@id\":\"https:\/\/www.algrappolodoro.net\/de\/#organization\"},\"potentialAction\":[{\"@type\":\"SearchAction\",\"target\":{\"@type\":\"EntryPoint\",\"urlTemplate\":\"https:\/\/www.algrappolodoro.net\/de\/?s={search_term_string}\"},\"query-input\":{\"@type\":\"PropertyValueSpecification\",\"valueRequired\":true,\"valueName\":\"search_term_string\"}}],\"inLanguage\":\"de\"},{\"@type\":\"Organization\",\"@id\":\"https:\/\/www.algrappolodoro.net\/de\/#organization\",\"name\":\"Hotel Al Grappolo d'Oro\",\"url\":\"https:\/\/www.algrappolodoro.net\/de\/\",\"logo\":{\"@type\":\"ImageObject\",\"inLanguage\":\"de\",\"@id\":\"https:\/\/www.algrappolodoro.net\/de\/#\/schema\/logo\/image\/\",\"url\":\"http:\/\/www.algrappolodoro.net\/wp-content\/uploads\/2020\/07\/logo.png\",\"contentUrl\":\"http:\/\/www.algrappolodoro.net\/wp-content\/uploads\/2020\/07\/logo.png\",\"width\":233,\"height\":111,\"caption\":\"Hotel Al Grappolo d'Oro\"},\"image\":{\"@id\":\"https:\/\/www.algrappolodoro.net\/de\/#\/schema\/logo\/image\/\"}}]}<\/script>\n<!-- \/ Yoast SEO plugin. -->","yoast_head_json":{"title":"Executive - Boutique Hotel Al Grappolo d&#039;Oro Torgiano","robots":{"index":"index","follow":"follow","max-snippet":"max-snippet:-1","max-image-preview":"max-image-preview:large","max-video-preview":"max-video-preview:-1"},"canonical":"https:\/\/www.algrappolodoro.net\/de\/zimmer\/executive\/","og_locale":"de_DE","og_type":"article","og_title":"Executive - Boutique Hotel Al Grappolo d&#039;Oro Torgiano","og_description":"ZIMMER &#8211; EXECUTIVE : 2 PERSONEN ZIMMER EXECUTIVE F\u00dcR 2 PERSONEN, GR\u00d6SSE ... Leggi tutto","og_url":"https:\/\/www.algrappolodoro.net\/de\/zimmer\/executive\/","og_site_name":"Boutique Hotel Al Grappolo d&#039;Oro Torgiano","article_modified_time":"2026-02-19T16:50:08+00:00","og_image":[{"width":1920,"height":823,"url":"https:\/\/www.algrappolodoro.net\/wp-content\/uploads\/2021\/12\/slide_camere_executive.jpg","type":"image\/jpeg"}],"twitter_card":"summary_large_image","schema":{"@context":"https:\/\/schema.org","@graph":[{"@type":"WebPage","@id":"https:\/\/www.algrappolodoro.net\/de\/zimmer\/executive\/","url":"https:\/\/www.algrappolodoro.net\/de\/zimmer\/executive\/","name":"Executive - Boutique Hotel Al Grappolo d&#039;Oro Torgiano","isPartOf":{"@id":"https:\/\/www.algrappolodoro.net\/de\/#website"},"primaryImageOfPage":{"@id":"https:\/\/www.algrappolodoro.net\/de\/zimmer\/executive\/#primaryimage"},"image":{"@id":"https:\/\/www.algrappolodoro.net\/de\/zimmer\/executive\/#primaryimage"},"thumbnailUrl":"https:\/\/www.algrappolodoro.net\/wp-content\/uploads\/2021\/12\/slide_camere_executive.jpg","datePublished":"2021-12-09T16:19:17+00:00","dateModified":"2026-02-19T16:50:08+00:00","breadcrumb":{"@id":"https:\/\/www.algrappolodoro.net\/de\/zimmer\/executive\/#breadcrumb"},"inLanguage":"de","potentialAction":[{"@type":"ReadAction","target":["https:\/\/www.algrappolodoro.net\/de\/zimmer\/executive\/"]}]},{"@type":"ImageObject","inLanguage":"de","@id":"https:\/\/www.algrappolodoro.net\/de\/zimmer\/executive\/#primaryimage","url":"https:\/\/www.algrappolodoro.net\/wp-content\/uploads\/2021\/12\/slide_camere_executive.jpg","contentUrl":"https:\/\/www.algrappolodoro.net\/wp-content\/uploads\/2021\/12\/slide_camere_executive.jpg"},{"@type":"BreadcrumbList","@id":"https:\/\/www.algrappolodoro.net\/de\/zimmer\/executive\/#breadcrumb","itemListElement":[{"@type":"ListItem","position":1,"name":"Home","item":"https:\/\/www.algrappolodoro.net\/de\/home\/"},{"@type":"ListItem","position":2,"name":"Zimmer","item":"https:\/\/www.algrappolodoro.net\/de\/zimmer\/"},{"@type":"ListItem","position":3,"name":"Executive"}]},{"@type":"WebSite","@id":"https:\/\/www.algrappolodoro.net\/de\/#website","url":"https:\/\/www.algrappolodoro.net\/de\/","name":"Boutique Hotel Al Grappolo d&#039;Oro Torgiano","description":"","publisher":{"@id":"https:\/\/www.algrappolodoro.net\/de\/#organization"},"potentialAction":[{"@type":"SearchAction","target":{"@type":"EntryPoint","urlTemplate":"https:\/\/www.algrappolodoro.net\/de\/?s={search_term_string}"},"query-input":{"@type":"PropertyValueSpecification","valueRequired":true,"valueName":"search_term_string"}}],"inLanguage":"de"},{"@type":"Organization","@id":"https:\/\/www.algrappolodoro.net\/de\/#organization","name":"Hotel Al Grappolo d'Oro","url":"https:\/\/www.algrappolodoro.net\/de\/","logo":{"@type":"ImageObject","inLanguage":"de","@id":"https:\/\/www.algrappolodoro.net\/de\/#\/schema\/logo\/image\/","url":"http:\/\/www.algrappolodoro.net\/wp-content\/uploads\/2020\/07\/logo.png","contentUrl":"http:\/\/www.algrappolodoro.net\/wp-content\/uploads\/2020\/07\/logo.png","width":233,"height":111,"caption":"Hotel Al Grappolo d'Oro"},"image":{"@id":"https:\/\/www.algrappolodoro.net\/de\/#\/schema\/logo\/image\/"}}]}},"_links":{"self":[{"href":"https:\/\/www.algrappolodoro.net\/de\/wp-json\/wp\/v2\/pages\/15222","targetHints":{"allow":["GET"]}}],"collection":[{"href":"https:\/\/www.algrappolodoro.net\/de\/wp-json\/wp\/v2\/pages"}],"about":[{"href":"https:\/\/www.algrappolodoro.net\/de\/wp-json\/wp\/v2\/types\/page"}],"author":[{"embeddable":true,"href":"https:\/\/www.algrappolodoro.net\/de\/wp-json\/wp\/v2\/users\/1"}],"replies":[{"embeddable":true,"href":"https:\/\/www.algrappolodoro.net\/de\/wp-json\/wp\/v2\/comments?post=15222"}],"version-history":[{"count":4,"href":"https:\/\/www.algrappolodoro.net\/de\/wp-json\/wp\/v2\/pages\/15222\/revisions"}],"predecessor-version":[{"id":16529,"href":"https:\/\/www.algrappolodoro.net\/de\/wp-json\/wp\/v2\/pages\/15222\/revisions\/16529"}],"up":[{"embeddable":true,"href":"https:\/\/www.algrappolodoro.net\/de\/wp-json\/wp\/v2\/pages\/15216"}],"wp:attachment":[{"href":"https:\/\/www.algrappolodoro.net\/de\/wp-json\/wp\/v2\/media?parent=15222"}],"curies":[{"name":"wp","href":"https:\/\/api.w.org\/{rel}","templated":true}]}}