{"id":15216,"date":"2021-12-09T17:08:07","date_gmt":"2021-12-09T16:08:07","guid":{"rendered":"http:\/\/www.algrappolodoro.net\/zimmer\/"},"modified":"2021-12-09T17:08:07","modified_gmt":"2021-12-09T16:08:07","slug":"zimmer","status":"publish","type":"page","link":"https:\/\/www.algrappolodoro.net\/de\/zimmer\/","title":{"rendered":"Zimmer"},"content":{"rendered":"\t\t<div data-elementor-type=\"wp-page\" data-elementor-id=\"15216\" class=\"elementor elementor-15216 elementor-13978\" data-elementor-post-type=\"page\">\n\t\t\t\t\t\t<section class=\"elementor-section elementor-top-section elementor-element elementor-element-900023d elementor-section-boxed elementor-section-height-default elementor-section-height-default\" data-id=\"900023d\" data-element_type=\"section\">\n\t\t\t\t\t\t<div class=\"elementor-container elementor-column-gap-default\">\n\t\t\t\t\t<div class=\"elementor-column elementor-col-100 elementor-top-column elementor-element elementor-element-d858c9a\" data-id=\"d858c9a\" data-element_type=\"column\">\n\t\t\t<div class=\"elementor-widget-wrap elementor-element-populated\">\n\t\t\t\t\t\t<div class=\"elementor-element elementor-element-f2db2b7 elementor-widget elementor-widget-template\" data-id=\"f2db2b7\" data-element_type=\"widget\" data-widget_type=\"template.default\">\n\t\t\t\t<div class=\"elementor-widget-container\">\n\t\t\t\t\t\t\t<div class=\"elementor-template\">\n\t\t\t\t\t<div data-elementor-type=\"section\" data-elementor-id=\"15220\" class=\"elementor elementor-15220 elementor-13975\" data-elementor-post-type=\"elementor_library\">\n\t\t\t\t\t<section class=\"elementor-section elementor-top-section elementor-element elementor-element-7cb9a001 elementor-section-content-top elementor-section-boxed elementor-section-height-default elementor-section-height-default\" data-id=\"7cb9a001\" data-element_type=\"section\">\n\t\t\t\t\t\t<div class=\"elementor-container elementor-column-gap-default\">\n\t\t\t\t\t<div class=\"elementor-column elementor-col-100 elementor-top-column elementor-element elementor-element-33964582\" data-id=\"33964582\" data-element_type=\"column\">\n\t\t\t<div class=\"elementor-widget-wrap elementor-element-populated\">\n\t\t\t\t\t\t<section class=\"elementor-section elementor-inner-section elementor-element elementor-element-5e41b5fd elementor-section-content-top elementor-section-boxed elementor-section-height-default elementor-section-height-default\" data-id=\"5e41b5fd\" data-element_type=\"section\">\n\t\t\t\t\t\t<div class=\"elementor-container elementor-column-gap-default\">\n\t\t\t\t\t<div class=\"elementor-column elementor-col-50 elementor-inner-column elementor-element elementor-element-7b4438e2\" data-id=\"7b4438e2\" data-element_type=\"column\" data-settings=\"{&quot;background_background&quot;:&quot;classic&quot;}\">\n\t\t\t<div class=\"elementor-widget-wrap elementor-element-populated\">\n\t\t\t\t\t\t<div class=\"elementor-element elementor-element-7182e56b elementor-widget elementor-widget-heading\" data-id=\"7182e56b\" data-element_type=\"widget\" data-widget_type=\"heading.default\">\n\t\t\t\t<div class=\"elementor-widget-container\">\n\t\t\t\t\t<h2 class=\"elementor-heading-title elementor-size-default\">Executive<\/h2>\t\t\t\t<\/div>\n\t\t\t\t<\/div>\n\t\t\t\t<div class=\"elementor-element elementor-element-e309338 elementor-widget elementor-widget-text-editor\" data-id=\"e309338\" data-element_type=\"widget\" data-widget_type=\"text-editor.default\">\n\t\t\t\t<div class=\"elementor-widget-container\">\n\t\t\t\t\t\t\t\t\t<p><b>F\u00dcR 2 PERSONEN, GR\u00d6SSE 22 QM<\/b><br \/>Gem\u00fctlich, mit klassischen M\u00f6beln und Parkettb\u00f6den. Zimmer mit Panoramablick auf die Weinberge.<\/p>\n\t\t\t\t\t\t\t\t<\/div>\n\t\t\t\t<\/div>\n\t\t\t\t<div class=\"elementor-element elementor-element-489cb61b elementor-align-left elementor-widget elementor-widget-button\" data-id=\"489cb61b\" data-element_type=\"widget\" data-widget_type=\"button.default\">\n\t\t\t\t<div class=\"elementor-widget-container\">\n\t\t\t\t\t\t\t\t\t<div class=\"elementor-button-wrapper\">\n\t\t\t\t\t<a class=\"elementor-button elementor-button-link elementor-size-sm\" href=\"http:\/\/www.algrappolodoro.net\/camere\/executive\/\">\n\t\t\t\t\t\t<span class=\"elementor-button-content-wrapper\">\n\t\t\t\t\t\t<span class=\"elementor-button-icon\">\n\t\t\t\t<i aria-hidden=\"true\" class=\"fas fa-long-arrow-alt-right\"><\/i>\t\t\t<\/span>\n\t\t\t\t\t\t\t\t\t<span class=\"elementor-button-text\">Finde mehr heraus<\/span>\n\t\t\t\t\t<\/span>\n\t\t\t\t\t<\/a>\n\t\t\t\t<\/div>\n\t\t\t\t\t\t\t\t<\/div>\n\t\t\t\t<\/div>\n\t\t\t\t\t<\/div>\n\t\t<\/div>\n\t\t\t\t<div class=\"elementor-column elementor-col-50 elementor-inner-column elementor-element elementor-element-3ba722d7\" data-id=\"3ba722d7\" data-element_type=\"column\" data-settings=\"{&quot;background_background&quot;:&quot;classic&quot;}\">\n\t\t\t<div class=\"elementor-widget-wrap\">\n\t\t\t\t\t<div class=\"elementor-background-overlay\"><\/div>\n\t\t\t\t\t\t\t<\/div>\n\t\t<\/div>\n\t\t\t\t\t<\/div>\n\t\t<\/section>\n\t\t\t\t<section class=\"elementor-section elementor-inner-section elementor-element elementor-element-23436f39 elementor-section-content-top elementor-reverse-mobile elementor-section-boxed elementor-section-height-default elementor-section-height-default\" data-id=\"23436f39\" data-element_type=\"section\">\n\t\t\t\t\t\t<div class=\"elementor-container elementor-column-gap-default\">\n\t\t\t\t\t<div class=\"elementor-column elementor-col-50 elementor-inner-column elementor-element elementor-element-6fe9417f\" data-id=\"6fe9417f\" data-element_type=\"column\" data-settings=\"{&quot;background_background&quot;:&quot;classic&quot;}\">\n\t\t\t<div class=\"elementor-widget-wrap\">\n\t\t\t\t\t<div class=\"elementor-background-overlay\"><\/div>\n\t\t\t\t\t\t\t<\/div>\n\t\t<\/div>\n\t\t\t\t<div class=\"elementor-column elementor-col-50 elementor-inner-column elementor-element elementor-element-7152ebe9\" data-id=\"7152ebe9\" data-element_type=\"column\" data-settings=\"{&quot;background_background&quot;:&quot;classic&quot;}\">\n\t\t\t<div class=\"elementor-widget-wrap elementor-element-populated\">\n\t\t\t\t\t\t<div class=\"elementor-element elementor-element-4b56eec8 elementor-widget elementor-widget-heading\" data-id=\"4b56eec8\" data-element_type=\"widget\" data-widget_type=\"heading.default\">\n\t\t\t\t<div class=\"elementor-widget-container\">\n\t\t\t\t\t<h2 class=\"elementor-heading-title elementor-size-default\">Superior<\/h2>\t\t\t\t<\/div>\n\t\t\t\t<\/div>\n\t\t\t\t<div class=\"elementor-element elementor-element-62638ea6 elementor-widget elementor-widget-text-editor\" data-id=\"62638ea6\" data-element_type=\"widget\" data-widget_type=\"text-editor.default\">\n\t\t\t\t<div class=\"elementor-widget-container\">\n\t\t\t\t\t\t\t\t\t<p><b>F\u00dcR 2\/3 PERSONEN, GR\u00d6SSE 23 QM<\/b><br \/>Ger\u00e4umig, hell, mit traditionellen M\u00f6beln und Parkettb\u00f6den. Zimmer mit Blick auf die mittelalterliche Stadt Torgiano.<\/p>\n\t\t\t\t\t\t\t\t<\/div>\n\t\t\t\t<\/div>\n\t\t\t\t<div class=\"elementor-element elementor-element-6cf6b581 elementor-align-left elementor-widget elementor-widget-button\" data-id=\"6cf6b581\" data-element_type=\"widget\" data-widget_type=\"button.default\">\n\t\t\t\t<div class=\"elementor-widget-container\">\n\t\t\t\t\t\t\t\t\t<div class=\"elementor-button-wrapper\">\n\t\t\t\t\t<a class=\"elementor-button elementor-button-link elementor-size-sm\" href=\"http:\/\/www.algrappolodoro.net\/camere\/superior\/\">\n\t\t\t\t\t\t<span class=\"elementor-button-content-wrapper\">\n\t\t\t\t\t\t<span class=\"elementor-button-icon\">\n\t\t\t\t<i aria-hidden=\"true\" class=\"fas fa-long-arrow-alt-right\"><\/i>\t\t\t<\/span>\n\t\t\t\t\t\t\t\t\t<span class=\"elementor-button-text\">Finde mehr heraus<\/span>\n\t\t\t\t\t<\/span>\n\t\t\t\t\t<\/a>\n\t\t\t\t<\/div>\n\t\t\t\t\t\t\t\t<\/div>\n\t\t\t\t<\/div>\n\t\t\t\t\t<\/div>\n\t\t<\/div>\n\t\t\t\t\t<\/div>\n\t\t<\/section>\n\t\t\t\t<section class=\"elementor-section elementor-inner-section elementor-element elementor-element-4327e0e0 elementor-section-content-top elementor-section-boxed elementor-section-height-default elementor-section-height-default\" data-id=\"4327e0e0\" data-element_type=\"section\">\n\t\t\t\t\t\t<div class=\"elementor-container elementor-column-gap-default\">\n\t\t\t\t\t<div class=\"elementor-column elementor-col-50 elementor-inner-column elementor-element elementor-element-79277d44\" data-id=\"79277d44\" data-element_type=\"column\" data-settings=\"{&quot;background_background&quot;:&quot;classic&quot;}\">\n\t\t\t<div class=\"elementor-widget-wrap elementor-element-populated\">\n\t\t\t\t\t\t<div class=\"elementor-element elementor-element-2088d287 elementor-widget elementor-widget-heading\" data-id=\"2088d287\" data-element_type=\"widget\" data-widget_type=\"heading.default\">\n\t\t\t\t<div class=\"elementor-widget-container\">\n\t\t\t\t\t<h2 class=\"elementor-heading-title elementor-size-default\">Junior Suite<\/h2>\t\t\t\t<\/div>\n\t\t\t\t<\/div>\n\t\t\t\t<div class=\"elementor-element elementor-element-4280fb89 elementor-widget elementor-widget-text-editor\" data-id=\"4280fb89\" data-element_type=\"widget\" data-widget_type=\"text-editor.default\">\n\t\t\t\t<div class=\"elementor-widget-container\">\n\t\t\t\t\t\t\t\t\t<p><b>F\u00dcR 2\/4 PERSONEN, GR\u00d6SSE 26 QM<\/b><br \/>Auf der obersten Etage des Hotels gelegen. Sie ist breiter, heller und verf\u00fcgt \u00fcber klassische M\u00f6beln und Parkettb\u00f6den. Herrlicher Panoramablick auf die H\u00fcgel Umbriens und endlosen Weinbergen.<\/p>\n\t\t\t\t\t\t\t\t<\/div>\n\t\t\t\t<\/div>\n\t\t\t\t<div class=\"elementor-element elementor-element-1eb36256 elementor-align-left elementor-widget elementor-widget-button\" data-id=\"1eb36256\" data-element_type=\"widget\" data-widget_type=\"button.default\">\n\t\t\t\t<div class=\"elementor-widget-container\">\n\t\t\t\t\t\t\t\t\t<div class=\"elementor-button-wrapper\">\n\t\t\t\t\t<a class=\"elementor-button elementor-button-link elementor-size-sm\" href=\"http:\/\/www.algrappolodoro.net\/camere\/junior-suite\/\">\n\t\t\t\t\t\t<span class=\"elementor-button-content-wrapper\">\n\t\t\t\t\t\t<span class=\"elementor-button-icon\">\n\t\t\t\t<i aria-hidden=\"true\" class=\"fas fa-long-arrow-alt-right\"><\/i>\t\t\t<\/span>\n\t\t\t\t\t\t\t\t\t<span class=\"elementor-button-text\">Finde mehr heraus<\/span>\n\t\t\t\t\t<\/span>\n\t\t\t\t\t<\/a>\n\t\t\t\t<\/div>\n\t\t\t\t\t\t\t\t<\/div>\n\t\t\t\t<\/div>\n\t\t\t\t\t<\/div>\n\t\t<\/div>\n\t\t\t\t<div class=\"elementor-column elementor-col-50 elementor-inner-column elementor-element elementor-element-5ef4912d\" data-id=\"5ef4912d\" data-element_type=\"column\" data-settings=\"{&quot;background_background&quot;:&quot;classic&quot;}\">\n\t\t\t<div class=\"elementor-widget-wrap\">\n\t\t\t\t\t<div class=\"elementor-background-overlay\"><\/div>\n\t\t\t\t\t\t\t<\/div>\n\t\t<\/div>\n\t\t\t\t\t<\/div>\n\t\t<\/section>\n\t\t\t\t\t<\/div>\n\t\t<\/div>\n\t\t\t\t\t<\/div>\n\t\t<\/section>\n\t\t\t\t<\/div>\n\t\t\t\t<\/div>\n\t\t\t\t\t\t<\/div>\n\t\t\t\t<\/div>\n\t\t\t\t\t<\/div>\n\t\t<\/div>\n\t\t\t\t\t<\/div>\n\t\t<\/section>\n\t\t\t\t<\/div>\n\t\t","protected":false},"excerpt":{"rendered":"","protected":false},"author":1,"featured_media":0,"parent":0,"menu_order":0,"comment_status":"closed","ping_status":"closed","template":"","meta":{"footnotes":""},"class_list":{"0":"post-15216","1":"page","2":"type-page","3":"status-publish","5":"no-featured-image-padding"},"acf":[],"yoast_head":"<!-- This site is optimized with the Yoast SEO plugin v25.2 - https:\/\/yoast.com\/wordpress\/plugins\/seo\/ -->\n<title>Zimmer - Boutique Hotel Al Grappolo d&#039;Oro Torgiano<\/title>\n<meta name=\"description\" content=\"Entdecken Sie die wundervollen Zimmer des 3-Sterne-Hotels Al Grappolo d&#039;Oro in Torgiano und erleben Sie Momente der Entspannung mitten im Gr\u00fcnen Mittelitaliens.\" \/>\n<meta name=\"robots\" content=\"index, follow, max-snippet:-1, max-image-preview:large, max-video-preview:-1\" \/>\n<link rel=\"canonical\" href=\"https:\/\/www.algrappolodoro.net\/de\/zimmer\/\" \/>\n<meta property=\"og:locale\" content=\"de_DE\" \/>\n<meta property=\"og:type\" content=\"article\" \/>\n<meta property=\"og:title\" content=\"Zimmer - Boutique Hotel Al Grappolo d&#039;Oro Torgiano\" \/>\n<meta property=\"og:description\" content=\"Entdecken Sie die wundervollen Zimmer des 3-Sterne-Hotels Al Grappolo d&#039;Oro in Torgiano und erleben Sie Momente der Entspannung mitten im Gr\u00fcnen Mittelitaliens.\" \/>\n<meta property=\"og:url\" content=\"https:\/\/www.algrappolodoro.net\/de\/zimmer\/\" \/>\n<meta property=\"og:site_name\" content=\"Boutique Hotel Al Grappolo d&#039;Oro Torgiano\" \/>\n<meta name=\"twitter:card\" content=\"summary_large_image\" \/>\n<script type=\"application\/ld+json\" class=\"yoast-schema-graph\">{\"@context\":\"https:\/\/schema.org\",\"@graph\":[{\"@type\":\"WebPage\",\"@id\":\"https:\/\/www.algrappolodoro.net\/de\/zimmer\/\",\"url\":\"https:\/\/www.algrappolodoro.net\/de\/zimmer\/\",\"name\":\"Zimmer - Boutique Hotel Al Grappolo d&#039;Oro Torgiano\",\"isPartOf\":{\"@id\":\"https:\/\/www.algrappolodoro.net\/de\/#website\"},\"datePublished\":\"2021-12-09T16:08:07+00:00\",\"description\":\"Entdecken Sie die wundervollen Zimmer des 3-Sterne-Hotels Al Grappolo d'Oro in Torgiano und erleben Sie Momente der Entspannung mitten im Gr\u00fcnen Mittelitaliens.\",\"breadcrumb\":{\"@id\":\"https:\/\/www.algrappolodoro.net\/de\/zimmer\/#breadcrumb\"},\"inLanguage\":\"de\",\"potentialAction\":[{\"@type\":\"ReadAction\",\"target\":[\"https:\/\/www.algrappolodoro.net\/de\/zimmer\/\"]}]},{\"@type\":\"BreadcrumbList\",\"@id\":\"https:\/\/www.algrappolodoro.net\/de\/zimmer\/#breadcrumb\",\"itemListElement\":[{\"@type\":\"ListItem\",\"position\":1,\"name\":\"Home\",\"item\":\"https:\/\/www.algrappolodoro.net\/de\/home\/\"},{\"@type\":\"ListItem\",\"position\":2,\"name\":\"Zimmer\"}]},{\"@type\":\"WebSite\",\"@id\":\"https:\/\/www.algrappolodoro.net\/de\/#website\",\"url\":\"https:\/\/www.algrappolodoro.net\/de\/\",\"name\":\"Boutique Hotel Al Grappolo d&#039;Oro Torgiano\",\"description\":\"\",\"publisher\":{\"@id\":\"https:\/\/www.algrappolodoro.net\/de\/#organization\"},\"potentialAction\":[{\"@type\":\"SearchAction\",\"target\":{\"@type\":\"EntryPoint\",\"urlTemplate\":\"https:\/\/www.algrappolodoro.net\/de\/?s={search_term_string}\"},\"query-input\":{\"@type\":\"PropertyValueSpecification\",\"valueRequired\":true,\"valueName\":\"search_term_string\"}}],\"inLanguage\":\"de\"},{\"@type\":\"Organization\",\"@id\":\"https:\/\/www.algrappolodoro.net\/de\/#organization\",\"name\":\"Hotel Al Grappolo d'Oro\",\"url\":\"https:\/\/www.algrappolodoro.net\/de\/\",\"logo\":{\"@type\":\"ImageObject\",\"inLanguage\":\"de\",\"@id\":\"https:\/\/www.algrappolodoro.net\/de\/#\/schema\/logo\/image\/\",\"url\":\"http:\/\/www.algrappolodoro.net\/wp-content\/uploads\/2020\/07\/logo.png\",\"contentUrl\":\"http:\/\/www.algrappolodoro.net\/wp-content\/uploads\/2020\/07\/logo.png\",\"width\":233,\"height\":111,\"caption\":\"Hotel Al Grappolo d'Oro\"},\"image\":{\"@id\":\"https:\/\/www.algrappolodoro.net\/de\/#\/schema\/logo\/image\/\"}}]}<\/script>\n<!-- \/ Yoast SEO plugin. -->","yoast_head_json":{"title":"Zimmer - Boutique Hotel Al Grappolo d&#039;Oro Torgiano","description":"Entdecken Sie die wundervollen Zimmer des 3-Sterne-Hotels Al Grappolo d'Oro in Torgiano und erleben Sie Momente der Entspannung mitten im Gr\u00fcnen Mittelitaliens.","robots":{"index":"index","follow":"follow","max-snippet":"max-snippet:-1","max-image-preview":"max-image-preview:large","max-video-preview":"max-video-preview:-1"},"canonical":"https:\/\/www.algrappolodoro.net\/de\/zimmer\/","og_locale":"de_DE","og_type":"article","og_title":"Zimmer - Boutique Hotel Al Grappolo d&#039;Oro Torgiano","og_description":"Entdecken Sie die wundervollen Zimmer des 3-Sterne-Hotels Al Grappolo d'Oro in Torgiano und erleben Sie Momente der Entspannung mitten im Gr\u00fcnen Mittelitaliens.","og_url":"https:\/\/www.algrappolodoro.net\/de\/zimmer\/","og_site_name":"Boutique Hotel Al Grappolo d&#039;Oro Torgiano","twitter_card":"summary_large_image","schema":{"@context":"https:\/\/schema.org","@graph":[{"@type":"WebPage","@id":"https:\/\/www.algrappolodoro.net\/de\/zimmer\/","url":"https:\/\/www.algrappolodoro.net\/de\/zimmer\/","name":"Zimmer - Boutique Hotel Al Grappolo d&#039;Oro Torgiano","isPartOf":{"@id":"https:\/\/www.algrappolodoro.net\/de\/#website"},"datePublished":"2021-12-09T16:08:07+00:00","description":"Entdecken Sie die wundervollen Zimmer des 3-Sterne-Hotels Al Grappolo d'Oro in Torgiano und erleben Sie Momente der Entspannung mitten im Gr\u00fcnen Mittelitaliens.","breadcrumb":{"@id":"https:\/\/www.algrappolodoro.net\/de\/zimmer\/#breadcrumb"},"inLanguage":"de","potentialAction":[{"@type":"ReadAction","target":["https:\/\/www.algrappolodoro.net\/de\/zimmer\/"]}]},{"@type":"BreadcrumbList","@id":"https:\/\/www.algrappolodoro.net\/de\/zimmer\/#breadcrumb","itemListElement":[{"@type":"ListItem","position":1,"name":"Home","item":"https:\/\/www.algrappolodoro.net\/de\/home\/"},{"@type":"ListItem","position":2,"name":"Zimmer"}]},{"@type":"WebSite","@id":"https:\/\/www.algrappolodoro.net\/de\/#website","url":"https:\/\/www.algrappolodoro.net\/de\/","name":"Boutique Hotel Al Grappolo d&#039;Oro Torgiano","description":"","publisher":{"@id":"https:\/\/www.algrappolodoro.net\/de\/#organization"},"potentialAction":[{"@type":"SearchAction","target":{"@type":"EntryPoint","urlTemplate":"https:\/\/www.algrappolodoro.net\/de\/?s={search_term_string}"},"query-input":{"@type":"PropertyValueSpecification","valueRequired":true,"valueName":"search_term_string"}}],"inLanguage":"de"},{"@type":"Organization","@id":"https:\/\/www.algrappolodoro.net\/de\/#organization","name":"Hotel Al Grappolo d'Oro","url":"https:\/\/www.algrappolodoro.net\/de\/","logo":{"@type":"ImageObject","inLanguage":"de","@id":"https:\/\/www.algrappolodoro.net\/de\/#\/schema\/logo\/image\/","url":"http:\/\/www.algrappolodoro.net\/wp-content\/uploads\/2020\/07\/logo.png","contentUrl":"http:\/\/www.algrappolodoro.net\/wp-content\/uploads\/2020\/07\/logo.png","width":233,"height":111,"caption":"Hotel Al Grappolo d'Oro"},"image":{"@id":"https:\/\/www.algrappolodoro.net\/de\/#\/schema\/logo\/image\/"}}]}},"_links":{"self":[{"href":"https:\/\/www.algrappolodoro.net\/de\/wp-json\/wp\/v2\/pages\/15216","targetHints":{"allow":["GET"]}}],"collection":[{"href":"https:\/\/www.algrappolodoro.net\/de\/wp-json\/wp\/v2\/pages"}],"about":[{"href":"https:\/\/www.algrappolodoro.net\/de\/wp-json\/wp\/v2\/types\/page"}],"author":[{"embeddable":true,"href":"https:\/\/www.algrappolodoro.net\/de\/wp-json\/wp\/v2\/users\/1"}],"replies":[{"embeddable":true,"href":"https:\/\/www.algrappolodoro.net\/de\/wp-json\/wp\/v2\/comments?post=15216"}],"version-history":[{"count":1,"href":"https:\/\/www.algrappolodoro.net\/de\/wp-json\/wp\/v2\/pages\/15216\/revisions"}],"predecessor-version":[{"id":15217,"href":"https:\/\/www.algrappolodoro.net\/de\/wp-json\/wp\/v2\/pages\/15216\/revisions\/15217"}],"wp:attachment":[{"href":"https:\/\/www.algrappolodoro.net\/de\/wp-json\/wp\/v2\/media?parent=15216"}],"curies":[{"name":"wp","href":"https:\/\/api.w.org\/{rel}","templated":true}]}}